{"id":52,"date":"2021-10-03T13:15:38","date_gmt":"2021-10-03T13:15:38","guid":{"rendered":"https:\/\/ferme.vamtam.com\/?page_id=52"},"modified":"2024-03-19T11:38:17","modified_gmt":"2024-03-19T11:38:17","slug":"terms-conditions","status":"publish","type":"page","link":"https:\/\/www.graziemillesupermercado.pt\/pt\/terms-conditions\/","title":{"rendered":"Termos e Condi\u00e7\u00f5es"},"content":{"rendered":"<div data-elementor-type=\"wp-page\" data-elementor-id=\"52\" class=\"elementor elementor-52\" data-elementor-post-type=\"page\">\n\t\t\t\t\t\t<section class=\"elementor-section elementor-top-section elementor-element elementor-element-2355cf1 elementor-section-content-top elementor-reverse-mobile elementor-section-boxed elementor-section-height-default elementor-section-height-default\" data-id=\"2355cf1\" data-element_type=\"section\">\n\t\t\t\t\t\t<div class=\"elementor-container elementor-column-gap-no\">\n\t\t\t\t\t<div class=\"elementor-column elementor-col-50 elementor-top-column elementor-element elementor-element-bc814fd\" data-id=\"bc814fd\" data-element_type=\"column\">\n\t\t\t<div class=\"elementor-widget-wrap elementor-element-populated\">\n\t\t\t\t\t\t<div class=\"vamtam-has-theme-widget-styles elementor-element elementor-element-c07bd5e elementor-widget elementor-widget-text-editor\" data-id=\"c07bd5e\" data-element_type=\"widget\" data-widget_type=\"text-editor.default\">\n\t\t\t\t<div class=\"elementor-widget-container\">\n\t\t\t\t\t\t\t<p><strong>Visite nossas se\u00e7\u00f5es de frios e queijos, oferecemos servi\u00e7o de corte e embalagem a v\u00e1cuo<\/strong><\/p>\t\t\t\t\t\t<\/div>\n\t\t\t\t<\/div>\n\t\t\t\t<div class=\"vamtam-has-theme-widget-styles elementor-element elementor-element-6824ff3 elementor-widget elementor-widget-text-editor\" data-id=\"6824ff3\" data-element_type=\"widget\" data-widget_type=\"text-editor.default\">\n\t\t\t\t<div class=\"elementor-widget-container\">\n\t\t\t\t\t\t\t<p>\u00a0<\/p><p><strong>Ordine minimo 250 gr. Per i salumi e\u00a0 gr.350 per i formaggi<\/strong><\/p><p>\u00a0<\/p>\t\t\t\t\t\t<\/div>\n\t\t\t\t<\/div>\n\t\t\t\t<div class=\"vamtam-has-theme-widget-styles elementor-element elementor-element-5f3b933 elementor-widget__width-auto elementor-icon-list--layout-traditional elementor-list-item-link-full_width elementor-widget elementor-widget-icon-list\" data-id=\"5f3b933\" data-element_type=\"widget\" data-widget_type=\"icon-list.default\">\n\t\t\t\t<div class=\"elementor-widget-container\">\n\t\t\t\t\t<ul class=\"elementor-icon-list-items\">\n\t\t\t\t\t\t\t<li class=\"elementor-icon-list-item\">\n\t\t\t\t\t\t\t\t\t\t\t<span class=\"elementor-icon-list-icon\">\n\t\t\t\t\t\t\t<i aria-hidden=\"true\" class=\"fas fa-circle\"><\/i>\t\t\t\t\t\t<\/span>\n\t\t\t\t\t\t\t\t\t\t<span class=\"elementor-icon-list-text\">Visita le nostre sezioni salumi e formaggi, offriamo servizio di affettato fresco e confezionamento sottovuoto<\/span>\n\t\t\t\t\t\t\t\t\t<\/li>\n\t\t\t\t\t\t\t\t<li class=\"elementor-icon-list-item\">\n\t\t\t\t\t\t\t\t\t\t\t<span class=\"elementor-icon-list-icon\">\n\t\t\t\t\t\t\t<i aria-hidden=\"true\" class=\"fas fa-circle\"><\/i>\t\t\t\t\t\t<\/span>\n\t\t\t\t\t\t\t\t\t\t<span class=\"elementor-icon-list-text\">Ordine minimo 250 gr. Per i salumi e gr.350 per i formaggi<\/span>\n\t\t\t\t\t\t\t\t\t<\/li>\n\t\t\t\t\t\t<\/ul>\n\t\t\t\t<\/div>\n\t\t\t\t<\/div>\n\t\t\t\t<div class=\"vamtam-has-theme-widget-styles elementor-element elementor-element-e39ece1 elementor-hidden-desktop elementor-hidden-tablet elementor-hidden-mobile elementor-widget elementor-widget-text-editor\" data-id=\"e39ece1\" data-element_type=\"widget\" data-widget_type=\"text-editor.default\">\n\t\t\t\t<div class=\"elementor-widget-container\">\n\t\t\t\t\t\t\t<p><strong>Spese di spedizione \u20ac10\u00a0 per tutto il portogallo continentale<\/strong><\/p><p><strong>Consegna gratuita per spese superiori a \u20ac 65<\/strong><\/p><p>\u00a0<\/p>\t\t\t\t\t\t<\/div>\n\t\t\t\t<\/div>\n\t\t\t\t<div class=\"vamtam-has-theme-widget-styles elementor-element elementor-element-a01a182 elementor-widget__width-auto elementor-hidden-desktop elementor-hidden-tablet elementor-hidden-mobile elementor-icon-list--layout-traditional elementor-list-item-link-full_width elementor-widget elementor-widget-icon-list\" data-id=\"a01a182\" data-element_type=\"widget\" data-widget_type=\"icon-list.default\">\n\t\t\t\t<div class=\"elementor-widget-container\">\n\t\t\t\t\t<ul class=\"elementor-icon-list-items\">\n\t\t\t\t\t\t\t<li class=\"elementor-icon-list-item\">\n\t\t\t\t\t\t\t\t\t\t\t<span class=\"elementor-icon-list-icon\">\n\t\t\t\t\t\t\t<i aria-hidden=\"true\" class=\"fas fa-circle\"><\/i>\t\t\t\t\t\t<\/span>\n\t\t\t\t\t\t\t\t\t\t<span class=\"elementor-icon-list-text\">Il trasporto costa 10 euro per l'intero continente<\/span>\n\t\t\t\t\t\t\t\t\t<\/li>\n\t\t\t\t\t\t\t\t<li class=\"elementor-icon-list-item\">\n\t\t\t\t\t\t\t\t\t\t\t<span class=\"elementor-icon-list-icon\">\n\t\t\t\t\t\t\t<i aria-hidden=\"true\" class=\"fas fa-circle\"><\/i>\t\t\t\t\t\t<\/span>\n\t\t\t\t\t\t\t\t\t\t<span class=\"elementor-icon-list-text\">Spedizione gratuita per spese superiori a 65\u20ac<\/span>\n\t\t\t\t\t\t\t\t\t<\/li>\n\t\t\t\t\t\t<\/ul>\n\t\t\t\t<\/div>\n\t\t\t\t<\/div>\n\t\t\t\t<div class=\"vamtam-has-theme-widget-styles elementor-element elementor-element-b690757 elementor-widget elementor-widget-text-editor\" data-id=\"b690757\" data-element_type=\"widget\" data-widget_type=\"text-editor.default\">\n\t\t\t\t<div class=\"elementor-widget-container\">\n\t\t\t\t\t\t\t<p>Per assistenza con il tuo ordine o per informazioni su ritiro e consegna, inviaci un&#8217;e-mail a info@graziemillesupermercado.pt.<\/p>\t\t\t\t\t\t<\/div>\n\t\t\t\t<\/div>\n\t\t\t\t\t<\/div>\n\t\t<\/div>\n\t\t\t\t<div class=\"elementor-column elementor-col-50 elementor-top-column elementor-element elementor-element-c882d2f\" data-id=\"c882d2f\" data-element_type=\"column\">\n\t\t\t<div class=\"elementor-widget-wrap elementor-element-populated\">\n\t\t\t\t\t\t<section class=\"elementor-section elementor-inner-section elementor-element elementor-element-ce89a2e elementor-section-boxed elementor-section-height-default elementor-section-height-default\" data-id=\"ce89a2e\" data-element_type=\"section\" data-settings=\"{&quot;background_background&quot;:&quot;classic&quot;,&quot;sticky&quot;:&quot;top&quot;,&quot;sticky_on&quot;:[&quot;desktop&quot;,&quot;tablet&quot;],&quot;sticky_parent&quot;:&quot;yes&quot;,&quot;sticky_offset&quot;:90,&quot;sticky_effects_offset&quot;:0}\">\n\t\t\t\t\t\t<div class=\"elementor-container elementor-column-gap-no\">\n\t\t\t\t\t<div class=\"elementor-column elementor-col-100 elementor-inner-column elementor-element elementor-element-69e37ed\" data-id=\"69e37ed\" data-element_type=\"column\" data-settings=\"{&quot;background_background&quot;:&quot;classic&quot;}\">\n\t\t\t<div class=\"elementor-widget-wrap elementor-element-populated\">\n\t\t\t\t\t\t<div class=\"vamtam-has-theme-widget-styles elementor-element elementor-element-eb29f09 elementor-widget elementor-widget-image\" data-id=\"eb29f09\" data-element_type=\"widget\" data-widget_type=\"image.default\">\n\t\t\t\t<div class=\"elementor-widget-container\">\n\t\t\t\t\t\t\t<div class=\"elementor-image\">\n\t\t\t\t\t\t\t\t\t\t\t\t\t\t\t\t\t\t\t\t\t<img fetchpriority=\"high\" decoding=\"async\" width=\"600\" height=\"600\" src=\"https:\/\/www.graziemillesupermercado.pt\/wp-content\/uploads\/LOGO-graziemillesupermercado-black.png\" class=\"attachment-full size-full wp-image-987655\" alt=\"\" srcset=\"https:\/\/www.graziemillesupermercado.pt\/wp-content\/uploads\/LOGO-graziemillesupermercado-black.png 600w, https:\/\/www.graziemillesupermercado.pt\/wp-content\/uploads\/LOGO-graziemillesupermercado-black-315x315.png 315w, https:\/\/www.graziemillesupermercado.pt\/wp-content\/uploads\/LOGO-graziemillesupermercado-black-300x300.png 300w, https:\/\/www.graziemillesupermercado.pt\/wp-content\/uploads\/LOGO-graziemillesupermercado-black-150x150.png 150w, https:\/\/www.graziemillesupermercado.pt\/wp-content\/uploads\/LOGO-graziemillesupermercado-black-12x12.png 12w\" sizes=\"(max-width: 600px) 100vw, 600px\" \/>\t\t\t\t\t\t\t\t\t\t\t\t\t\t\t\t\t\t\t\t\t\t\t\t<\/div>\n\t\t\t\t\t\t<\/div>\n\t\t\t\t<\/div>\n\t\t\t\t<div class=\"vamtam-has-theme-widget-styles elementor-element elementor-element-652485c elementor-widget elementor-widget-heading\" data-id=\"652485c\" data-element_type=\"widget\" data-widget_type=\"heading.default\">\n\t\t\t\t<div class=\"elementor-widget-container\">\n\t\t\t<h4 class=\"elementor-heading-title elementor-size-default\">Location<\/h4>\t\t<\/div>\n\t\t\t\t<\/div>\n\t\t\t\t<div class=\"vamtam-has-theme-widget-styles elementor-element elementor-element-0b05450 elementor-widget elementor-widget-text-editor\" data-id=\"0b05450\" data-element_type=\"widget\" data-widget_type=\"text-editor.default\">\n\t\t\t\t<div class=\"elementor-widget-container\">\n\t\t\t\t\t\t\t<strong>Indirizzo: <\/strong>Avenida Cerro da Vila,\n8125-403 Quarteira &#8211;\u00a0Vilamoura\t\t\t\t\t\t<\/div>\n\t\t\t\t<\/div>\n\t\t\t\t<div class=\"vamtam-has-theme-widget-styles elementor-element elementor-element-e17d171 elementor-widget elementor-widget-text-editor\" data-id=\"e17d171\" data-element_type=\"widget\" data-widget_type=\"text-editor.default\">\n\t\t\t\t<div class=\"elementor-widget-container\">\n\t\t\t\t\t\t\t<p><a href=\"mailto:info@graziemillesupermercado.pt\">E. <span style=\"text-decoration: underline;\">info@graziemillesupermercado.pt<\/span><\/a><\/p><p><a href=\"tel: 351910674174\">T. <strong>+351 910 674 174 <\/strong><\/a><\/p>\t\t\t\t\t\t<\/div>\n\t\t\t\t<\/div>\n\t\t\t\t<div class=\"elementor-element elementor-element-cab7d64 e-transform elementor-widget__width-auto elementor-widget-divider--view-line elementor-widget elementor-widget-divider\" data-id=\"cab7d64\" data-element_type=\"widget\" data-settings=\"{&quot;_transform_rotateZ_effect&quot;:{&quot;unit&quot;:&quot;px&quot;,&quot;size&quot;:90,&quot;sizes&quot;:[]},&quot;_transform_rotateZ_effect_tablet&quot;:{&quot;unit&quot;:&quot;deg&quot;,&quot;size&quot;:&quot;&quot;,&quot;sizes&quot;:[]},&quot;_transform_rotateZ_effect_mobile&quot;:{&quot;unit&quot;:&quot;deg&quot;,&quot;size&quot;:&quot;&quot;,&quot;sizes&quot;:[]}}\" data-widget_type=\"divider.default\">\n\t\t\t\t<div class=\"elementor-widget-container\">\n\t\t\t\t\t<div class=\"elementor-divider\">\n\t\t\t<span class=\"elementor-divider-separator\">\n\t\t\t\t\t\t<\/span>\n\t\t<\/div>\n\t\t\t\t<\/div>\n\t\t\t\t<\/div>\n\t\t\t\t\t<\/div>\n\t\t<\/div>\n\t\t\t\t\t<\/div>\n\t\t<\/section>\n\t\t\t\t\t<\/div>\n\t\t<\/div>\n\t\t\t\t\t<\/div>\n\t\t<\/section>\n\t\t\t\t<\/div>","protected":false},"excerpt":{"rendered":"<p>Visitate le nostre sezioni salumi e formaggi, offriamo servizio taglio fresco e confezionamento sotto vuoto \u00a0 Ordine minimo 250 gr. Per i salumi e\u00a0 gr.350 per i formaggi \u00a0 Visita le nostre sezioni salumi e formaggi, offriamo servizio di affettato fresco e confezionamento sottovuoto Ordine minimo 250 gr. Per i salumi e gr.350 per i&#8230;<\/p>","protected":false},"author":1,"featured_media":10038,"parent":0,"menu_order":0,"comment_status":"closed","ping_status":"closed","template":"","meta":{"footnotes":""},"class_list":["post-52","page","type-page","status-publish","has-post-thumbnail","hentry"],"yoast_head":"<!-- This site is optimized with the Yoast SEO plugin v22.3 - https:\/\/yoast.com\/wordpress\/plugins\/seo\/ -->\n<title>Termini &amp; Condizioni - Grazie Mille Supermercado<\/title>\n<meta name=\"robots\" content=\"index, follow, max-snippet:-1, max-image-preview:large, max-video-preview:-1\" \/>\n<link rel=\"canonical\" href=\"https:\/\/www.graziemillesupermercado.pt\/pt\/terms-conditions\/\" \/>\n<meta property=\"og:locale\" content=\"pt_PT\" \/>\n<meta property=\"og:type\" content=\"article\" \/>\n<meta property=\"og:title\" content=\"Termini &amp; Condizioni - Grazie Mille Supermercado\" \/>\n<meta property=\"og:description\" content=\"Visitate le nostre sezioni salumi e formaggi, offriamo servizio taglio fresco e confezionamento sotto vuoto \u00a0 Ordine minimo 250 gr. Per i salumi e\u00a0 gr.350 per i formaggi \u00a0 Visita le nostre sezioni salumi e formaggi, offriamo servizio di affettato fresco e confezionamento sottovuoto Ordine minimo 250 gr. Per i salumi e gr.350 per i...\" \/>\n<meta property=\"og:url\" content=\"https:\/\/www.graziemillesupermercado.pt\/pt\/terms-conditions\/\" \/>\n<meta property=\"og:site_name\" content=\"Grazie Mille Supermercado\" \/>\n<meta property=\"article:publisher\" content=\"https:\/\/www.facebook.com\/GrazieMilleSupermercado\" \/>\n<meta property=\"article:modified_time\" content=\"2024-03-19T11:38:17+00:00\" \/>\n<meta property=\"og:image\" content=\"https:\/\/www.graziemillesupermercado.pt\/wp-content\/uploads\/no-image.jpg\" \/>\n\t<meta property=\"og:image:width\" content=\"584\" \/>\n\t<meta property=\"og:image:height\" content=\"796\" \/>\n\t<meta property=\"og:image:type\" content=\"image\/jpeg\" \/>\n<meta name=\"twitter:card\" content=\"summary_large_image\" \/>\n<meta name=\"twitter:label1\" content=\"Tempo estimado de leitura\" \/>\n\t<meta name=\"twitter:data1\" content=\"1 minuto\" \/>\n<script type=\"application\/ld+json\" class=\"yoast-schema-graph\">{\"@context\":\"https:\/\/schema.org\",\"@graph\":[{\"@type\":\"WebPage\",\"@id\":\"https:\/\/www.graziemillesupermercado.pt\/terms-conditions\/\",\"url\":\"https:\/\/www.graziemillesupermercado.pt\/terms-conditions\/\",\"name\":\"Termini & Condizioni - Grazie Mille Supermercado\",\"isPartOf\":{\"@id\":\"https:\/\/www.graziemillesupermercado.pt\/#website\"},\"primaryImageOfPage\":{\"@id\":\"https:\/\/www.graziemillesupermercado.pt\/terms-conditions\/#primaryimage\"},\"image\":{\"@id\":\"https:\/\/www.graziemillesupermercado.pt\/terms-conditions\/#primaryimage\"},\"thumbnailUrl\":\"https:\/\/www.graziemillesupermercado.pt\/wp-content\/uploads\/no-image.jpg\",\"datePublished\":\"2021-10-03T13:15:38+00:00\",\"dateModified\":\"2024-03-19T11:38:17+00:00\",\"breadcrumb\":{\"@id\":\"https:\/\/www.graziemillesupermercado.pt\/terms-conditions\/#breadcrumb\"},\"inLanguage\":\"pt-PT\",\"potentialAction\":[{\"@type\":\"ReadAction\",\"target\":[\"https:\/\/www.graziemillesupermercado.pt\/terms-conditions\/\"]}]},{\"@type\":\"ImageObject\",\"inLanguage\":\"pt-PT\",\"@id\":\"https:\/\/www.graziemillesupermercado.pt\/terms-conditions\/#primaryimage\",\"url\":\"https:\/\/www.graziemillesupermercado.pt\/wp-content\/uploads\/no-image.jpg\",\"contentUrl\":\"https:\/\/www.graziemillesupermercado.pt\/wp-content\/uploads\/no-image.jpg\",\"width\":584,\"height\":796},{\"@type\":\"BreadcrumbList\",\"@id\":\"https:\/\/www.graziemillesupermercado.pt\/terms-conditions\/#breadcrumb\",\"itemListElement\":[{\"@type\":\"ListItem\",\"position\":1,\"name\":\"Home\",\"item\":\"https:\/\/www.graziemillesupermercado.pt\/\"},{\"@type\":\"ListItem\",\"position\":2,\"name\":\"Termini &#038; Condizioni\"}]},{\"@type\":\"WebSite\",\"@id\":\"https:\/\/www.graziemillesupermercado.pt\/#website\",\"url\":\"https:\/\/www.graziemillesupermercado.pt\/\",\"name\":\"Grazie Mille Supermercado\",\"description\":\"Italian Products\",\"publisher\":{\"@id\":\"https:\/\/www.graziemillesupermercado.pt\/#organization\"},\"potentialAction\":[{\"@type\":\"SearchAction\",\"target\":{\"@type\":\"EntryPoint\",\"urlTemplate\":\"https:\/\/www.graziemillesupermercado.pt\/?s={search_term_string}\"},\"query-input\":\"required name=search_term_string\"}],\"inLanguage\":\"pt-PT\"},{\"@type\":\"Organization\",\"@id\":\"https:\/\/www.graziemillesupermercado.pt\/#organization\",\"name\":\"Grazie Mille Supermercado\",\"url\":\"https:\/\/www.graziemillesupermercado.pt\/\",\"logo\":{\"@type\":\"ImageObject\",\"inLanguage\":\"pt-PT\",\"@id\":\"https:\/\/www.graziemillesupermercado.pt\/#\/schema\/logo\/image\/\",\"url\":\"https:\/\/www.graziemillesupermercado.pt\/wp-content\/uploads\/LOGO-graziemillesupermercado-black.png\",\"contentUrl\":\"https:\/\/www.graziemillesupermercado.pt\/wp-content\/uploads\/LOGO-graziemillesupermercado-black.png\",\"width\":600,\"height\":600,\"caption\":\"Grazie Mille Supermercado\"},\"image\":{\"@id\":\"https:\/\/www.graziemillesupermercado.pt\/#\/schema\/logo\/image\/\"},\"sameAs\":[\"https:\/\/www.facebook.com\/GrazieMilleSupermercado\",\"https:\/\/www.instagram.com\/graziemille.vilamoura\/\"]}]}<\/script>\n<!-- \/ Yoast SEO plugin. -->","yoast_head_json":{"title":"Termini & Condizioni - Grazie Mille Supermercado","robots":{"index":"index","follow":"follow","max-snippet":"max-snippet:-1","max-image-preview":"max-image-preview:large","max-video-preview":"max-video-preview:-1"},"canonical":"https:\/\/www.graziemillesupermercado.pt\/pt\/terms-conditions\/","og_locale":"pt_PT","og_type":"article","og_title":"Termini & Condizioni - Grazie Mille Supermercado","og_description":"Visitate le nostre sezioni salumi e formaggi, offriamo servizio taglio fresco e confezionamento sotto vuoto \u00a0 Ordine minimo 250 gr. Per i salumi e\u00a0 gr.350 per i formaggi \u00a0 Visita le nostre sezioni salumi e formaggi, offriamo servizio di affettato fresco e confezionamento sottovuoto Ordine minimo 250 gr. Per i salumi e gr.350 per i...","og_url":"https:\/\/www.graziemillesupermercado.pt\/pt\/terms-conditions\/","og_site_name":"Grazie Mille Supermercado","article_publisher":"https:\/\/www.facebook.com\/GrazieMilleSupermercado","article_modified_time":"2024-03-19T11:38:17+00:00","og_image":[{"width":584,"height":796,"url":"https:\/\/www.graziemillesupermercado.pt\/wp-content\/uploads\/no-image.jpg","type":"image\/jpeg"}],"twitter_card":"summary_large_image","twitter_misc":{"Tempo estimado de leitura":"1 minuto"},"schema":{"@context":"https:\/\/schema.org","@graph":[{"@type":"WebPage","@id":"https:\/\/www.graziemillesupermercado.pt\/terms-conditions\/","url":"https:\/\/www.graziemillesupermercado.pt\/terms-conditions\/","name":"Termini & Condizioni - Grazie Mille Supermercado","isPartOf":{"@id":"https:\/\/www.graziemillesupermercado.pt\/#website"},"primaryImageOfPage":{"@id":"https:\/\/www.graziemillesupermercado.pt\/terms-conditions\/#primaryimage"},"image":{"@id":"https:\/\/www.graziemillesupermercado.pt\/terms-conditions\/#primaryimage"},"thumbnailUrl":"https:\/\/www.graziemillesupermercado.pt\/wp-content\/uploads\/no-image.jpg","datePublished":"2021-10-03T13:15:38+00:00","dateModified":"2024-03-19T11:38:17+00:00","breadcrumb":{"@id":"https:\/\/www.graziemillesupermercado.pt\/terms-conditions\/#breadcrumb"},"inLanguage":"pt-PT","potentialAction":[{"@type":"ReadAction","target":["https:\/\/www.graziemillesupermercado.pt\/terms-conditions\/"]}]},{"@type":"ImageObject","inLanguage":"pt-PT","@id":"https:\/\/www.graziemillesupermercado.pt\/terms-conditions\/#primaryimage","url":"https:\/\/www.graziemillesupermercado.pt\/wp-content\/uploads\/no-image.jpg","contentUrl":"https:\/\/www.graziemillesupermercado.pt\/wp-content\/uploads\/no-image.jpg","width":584,"height":796},{"@type":"BreadcrumbList","@id":"https:\/\/www.graziemillesupermercado.pt\/terms-conditions\/#breadcrumb","itemListElement":[{"@type":"ListItem","position":1,"name":"Home","item":"https:\/\/www.graziemillesupermercado.pt\/"},{"@type":"ListItem","position":2,"name":"Termini &#038; Condizioni"}]},{"@type":"WebSite","@id":"https:\/\/www.graziemillesupermercado.pt\/#website","url":"https:\/\/www.graziemillesupermercado.pt\/","name":"Grazie Mille Supermercado","description":"Italian Products","publisher":{"@id":"https:\/\/www.graziemillesupermercado.pt\/#organization"},"potentialAction":[{"@type":"SearchAction","target":{"@type":"EntryPoint","urlTemplate":"https:\/\/www.graziemillesupermercado.pt\/?s={search_term_string}"},"query-input":"required name=search_term_string"}],"inLanguage":"pt-PT"},{"@type":"Organization","@id":"https:\/\/www.graziemillesupermercado.pt\/#organization","name":"Grazie Mille Supermercado","url":"https:\/\/www.graziemillesupermercado.pt\/","logo":{"@type":"ImageObject","inLanguage":"pt-PT","@id":"https:\/\/www.graziemillesupermercado.pt\/#\/schema\/logo\/image\/","url":"https:\/\/www.graziemillesupermercado.pt\/wp-content\/uploads\/LOGO-graziemillesupermercado-black.png","contentUrl":"https:\/\/www.graziemillesupermercado.pt\/wp-content\/uploads\/LOGO-graziemillesupermercado-black.png","width":600,"height":600,"caption":"Grazie Mille Supermercado"},"image":{"@id":"https:\/\/www.graziemillesupermercado.pt\/#\/schema\/logo\/image\/"},"sameAs":["https:\/\/www.facebook.com\/GrazieMilleSupermercado","https:\/\/www.instagram.com\/graziemille.vilamoura\/"]}]}},"_links":{"self":[{"href":"https:\/\/www.graziemillesupermercado.pt\/pt\/wp-json\/wp\/v2\/pages\/52","targetHints":{"allow":["GET"]}}],"collection":[{"href":"https:\/\/www.graziemillesupermercado.pt\/pt\/wp-json\/wp\/v2\/pages"}],"about":[{"href":"https:\/\/www.graziemillesupermercado.pt\/pt\/wp-json\/wp\/v2\/types\/page"}],"author":[{"embeddable":true,"href":"https:\/\/www.graziemillesupermercado.pt\/pt\/wp-json\/wp\/v2\/users\/1"}],"replies":[{"embeddable":true,"href":"https:\/\/www.graziemillesupermercado.pt\/pt\/wp-json\/wp\/v2\/comments?post=52"}],"version-history":[{"count":5,"href":"https:\/\/www.graziemillesupermercado.pt\/pt\/wp-json\/wp\/v2\/pages\/52\/revisions"}],"predecessor-version":[{"id":989235,"href":"https:\/\/www.graziemillesupermercado.pt\/pt\/wp-json\/wp\/v2\/pages\/52\/revisions\/989235"}],"wp:featuredmedia":[{"embeddable":true,"href":"https:\/\/www.graziemillesupermercado.pt\/pt\/wp-json\/wp\/v2\/media\/10038"}],"wp:attachment":[{"href":"https:\/\/www.graziemillesupermercado.pt\/pt\/wp-json\/wp\/v2\/media?parent=52"}],"curies":[{"name":"wp","href":"https:\/\/api.w.org\/{rel}","templated":true}]}}